{"id":468,"date":"2025-04-26T13:54:19","date_gmt":"2025-04-26T11:54:19","guid":{"rendered":"https:\/\/lcmouvstudio.com\/?page_id=468"},"modified":"2025-05-02T16:56:05","modified_gmt":"2025-05-02T14:56:05","slug":"circuit-training-hiit","status":"publish","type":"page","link":"https:\/\/lcmouvstudio.com\/?page_id=468","title":{"rendered":"CIRCUIT TRAINING \/ HIIT"},"content":{"rendered":"<div data-colibri-id=\"468-c1\" class=\"style-707 style-local-468-c1 position-relative\">\r\n  <!---->\r\n  <div data-colibri-component=\"section\" data-colibri-id=\"468-c2\" id=\"initial-content\" class=\"h-section h-section-global-spacing d-flex align-items-lg-center align-items-md-center align-items-center style-708 style-local-468-c2 position-relative\">\r\n    <!---->\r\n    <!---->\r\n    <div class=\"h-section-grid-container h-section-boxed-container\">\r\n      <!---->\r\n      <div data-colibri-id=\"468-c3\" class=\"h-row-container gutters-row-lg-2 gutters-row-md-2 gutters-row-0 gutters-row-v-lg-2 gutters-row-v-md-2 gutters-row-v-2 style-709 style-local-468-c3 position-relative\">\r\n        <!---->\r\n        <div class=\"h-row justify-content-lg-center justify-content-md-center justify-content-center align-items-lg-stretch align-items-md-stretch align-items-stretch gutters-col-lg-2 gutters-col-md-2 gutters-col-0 gutters-col-v-lg-2 gutters-col-v-md-2 gutters-col-v-2\">\r\n          <!---->\r\n          <div class=\"h-column h-column-container d-flex h-col-lg-auto h-col-md-auto h-col-auto style-710-outer style-local-468-c4-outer\">\r\n            <div data-colibri-id=\"468-c4\" class=\"d-flex h-flex-basis h-column__inner h-px-lg-2 h-px-md-2 h-px-2 v-inner-lg-2 v-inner-md-2 v-inner-2 style-710 style-local-468-c4 position-relative\">\r\n              <!---->\r\n              <!---->\r\n              <div class=\"w-100 h-y-container h-column__content h-column__v-align flex-basis-100 align-self-lg-start align-self-md-start align-self-start\">\r\n                <!---->\r\n                <div data-colibri-id=\"468-c8\" class=\"d-block style-714 style-local-468-c8 position-relative h-element\">\r\n                  <!---->\r\n                  <div class=\"h-image__frame-container-outer\">\r\n                    <div class=\"h-image__frame-container\">\r\n                      <!---->\r\n                      <!---->\r\n                      <img loading=\"lazy\" decoding=\"async\" width=\"480\" height=\"343\" src=\"http:\/\/lcmouvstudio.com\/wp-content\/uploads\/2025\/04\/circuit-cardio-hiit_480x480.webp\" class=\"wp-image-469 style-714-image style-local-468-c8-image\" alt=\"\" srcset=\"https:\/\/lcmouvstudio.com\/wp-content\/uploads\/2025\/04\/circuit-cardio-hiit_480x480.webp 480w, https:\/\/lcmouvstudio.com\/wp-content\/uploads\/2025\/04\/circuit-cardio-hiit_480x480-300x214.webp 300w\" sizes=\"auto, (max-width: 480px) 100vw, 480px\" \/>\r\n                      <div class=\"h-image__frame h-hide-lg h-hide-md h-hide-sm style-714-frameImage style-local-468-c8-frameImage\"><\/div>\r\n                    <\/div>\r\n                  <\/div>\r\n                <\/div>\r\n              <\/div>\r\n            <\/div>\r\n          <\/div>\r\n          <div class=\"h-column h-column-container d-flex h-col-lg-auto h-col-md-auto h-col-auto style-712-outer style-local-468-c6-outer\">\r\n            <div data-colibri-id=\"468-c6\" class=\"d-flex h-flex-basis h-column__inner h-px-lg-2 h-px-md-2 h-px-2 v-inner-lg-2 v-inner-md-2 v-inner-2 style-712 style-local-468-c6 position-relative\">\r\n              <!---->\r\n              <!---->\r\n              <div class=\"w-100 h-y-container h-column__content h-column__v-align flex-basis-100 align-self-lg-start align-self-md-start align-self-start\">\r\n                <!---->\r\n                <div data-colibri-id=\"468-c7\" class=\"h-text h-text-component style-713 style-local-468-c7 position-relative h-element\">\r\n                  <!---->\r\n                  <!---->\r\n                  <div class=\"\">\r\n                    <p>Le <strong>circuit training<\/strong>&nbsp;\/&nbsp;<strong>HIIT (High Intensity Interval Training)<\/strong> sont deux formes d&rsquo;entra\u00eenement fractionn\u00e9 qui combinent des exercices de <strong>renforcement musculaire<\/strong> et de <strong>cardio<\/strong>                      en un minimum de temps.<\/p>\r\n                    <p>\r\n                      <br>\r\n                    <\/p>\r\n                    <p>Grande vari\u00e9t\u00e9 d&rsquo;exercices, efficaces pour am\u00e9liorer la <strong>condition physique g\u00e9n\u00e9rale<\/strong>, <strong>br\u00fbler des graisses<\/strong> et <strong>tonifier le corps<\/strong>.<\/p>\r\n                  <\/div>\r\n                <\/div>\r\n              <\/div>\r\n            <\/div>\r\n          <\/div>\r\n        <\/div>\r\n      <\/div>\r\n    <\/div>\r\n  <\/div>\r\n<\/div>","protected":false},"excerpt":{"rendered":"<p>Le circuit training&nbsp;\/&nbsp;HIIT (High Intensity Interval Training) sont deux formes d&rsquo;entra\u00eenement fractionn\u00e9 qui [&hellip;]<\/p>\n","protected":false},"author":1,"featured_media":0,"parent":0,"menu_order":0,"comment_status":"closed","ping_status":"closed","template":"page-templates\/full-width-page.php","meta":{"om_disable_all_campaigns":false,"_monsterinsights_skip_tracking":false,"_monsterinsights_sitenote_active":false,"_monsterinsights_sitenote_note":"","_monsterinsights_sitenote_category":0,"footnotes":""},"categories":[13],"tags":[],"class_list":["post-468","page","type-page","status-publish","hentry","category-les-cours"],"yoast_head":"<!-- This site is optimized with the Yoast SEO plugin v25.3.1 - https:\/\/yoast.com\/wordpress\/plugins\/seo\/ -->\n<title>CIRCUIT TRAINING \/ HIIT - LC MOUV&#039;STUDIO<\/title>\n<meta name=\"robots\" content=\"index, follow, max-snippet:-1, max-image-preview:large, max-video-preview:-1\" \/>\n<link rel=\"canonical\" href=\"https:\/\/lcmouvstudio.com\/?page_id=468\" \/>\n<meta property=\"og:locale\" content=\"fr_FR\" \/>\n<meta property=\"og:type\" content=\"article\" \/>\n<meta property=\"og:title\" content=\"CIRCUIT TRAINING \/ HIIT - LC MOUV&#039;STUDIO\" \/>\n<meta property=\"og:description\" content=\"Le circuit training&nbsp;\/&nbsp;HIIT (High Intensity Interval Training) sont deux formes d&rsquo;entra\u00eenement fractionn\u00e9 qui [&hellip;]\" \/>\n<meta property=\"og:url\" content=\"https:\/\/lcmouvstudio.com\/?page_id=468\" \/>\n<meta property=\"og:site_name\" content=\"LC MOUV&#039;STUDIO\" \/>\n<meta property=\"article:modified_time\" content=\"2025-05-02T14:56:05+00:00\" \/>\n<meta property=\"og:image\" content=\"https:\/\/lcmouvstudio.com\/wp-content\/uploads\/2025\/04\/circuit-cardio-hiit_480x480.webp\" \/>\n\t<meta property=\"og:image:width\" content=\"480\" \/>\n\t<meta property=\"og:image:height\" content=\"343\" \/>\n\t<meta property=\"og:image:type\" content=\"image\/webp\" \/>\n<meta name=\"twitter:card\" content=\"summary_large_image\" \/>\n<meta name=\"twitter:label1\" content=\"Dur\u00e9e de lecture estim\u00e9e\" \/>\n\t<meta name=\"twitter:data1\" content=\"1 minute\" \/>\n<script type=\"application\/ld+json\" class=\"yoast-schema-graph\">{\"@context\":\"https:\/\/schema.org\",\"@graph\":[{\"@type\":\"WebPage\",\"@id\":\"https:\/\/lcmouvstudio.com\/?page_id=468\",\"url\":\"https:\/\/lcmouvstudio.com\/?page_id=468\",\"name\":\"CIRCUIT TRAINING \/ HIIT - LC MOUV&#039;STUDIO\",\"isPartOf\":{\"@id\":\"https:\/\/lcmouvstudio.com\/#website\"},\"primaryImageOfPage\":{\"@id\":\"https:\/\/lcmouvstudio.com\/?page_id=468#primaryimage\"},\"image\":{\"@id\":\"https:\/\/lcmouvstudio.com\/?page_id=468#primaryimage\"},\"thumbnailUrl\":\"http:\/\/lcmouvstudio.com\/wp-content\/uploads\/2025\/04\/circuit-cardio-hiit_480x480.webp\",\"datePublished\":\"2025-04-26T11:54:19+00:00\",\"dateModified\":\"2025-05-02T14:56:05+00:00\",\"breadcrumb\":{\"@id\":\"https:\/\/lcmouvstudio.com\/?page_id=468#breadcrumb\"},\"inLanguage\":\"fr-FR\",\"potentialAction\":[{\"@type\":\"ReadAction\",\"target\":[\"https:\/\/lcmouvstudio.com\/?page_id=468\"]}]},{\"@type\":\"ImageObject\",\"inLanguage\":\"fr-FR\",\"@id\":\"https:\/\/lcmouvstudio.com\/?page_id=468#primaryimage\",\"url\":\"https:\/\/lcmouvstudio.com\/wp-content\/uploads\/2025\/04\/circuit-cardio-hiit_480x480.webp\",\"contentUrl\":\"https:\/\/lcmouvstudio.com\/wp-content\/uploads\/2025\/04\/circuit-cardio-hiit_480x480.webp\",\"width\":480,\"height\":343},{\"@type\":\"BreadcrumbList\",\"@id\":\"https:\/\/lcmouvstudio.com\/?page_id=468#breadcrumb\",\"itemListElement\":[{\"@type\":\"ListItem\",\"position\":1,\"name\":\"Accueil\",\"item\":\"https:\/\/lcmouvstudio.com\/\"},{\"@type\":\"ListItem\",\"position\":2,\"name\":\"CIRCUIT TRAINING \/ HIIT\"}]},{\"@type\":\"WebSite\",\"@id\":\"https:\/\/lcmouvstudio.com\/#website\",\"url\":\"https:\/\/lcmouvstudio.com\/\",\"name\":\"LC MOUV&#039;STUDIO\",\"description\":\"Un site utilisant WordPress\",\"publisher\":{\"@id\":\"https:\/\/lcmouvstudio.com\/#organization\"},\"potentialAction\":[{\"@type\":\"SearchAction\",\"target\":{\"@type\":\"EntryPoint\",\"urlTemplate\":\"https:\/\/lcmouvstudio.com\/?s={search_term_string}\"},\"query-input\":{\"@type\":\"PropertyValueSpecification\",\"valueRequired\":true,\"valueName\":\"search_term_string\"}}],\"inLanguage\":\"fr-FR\"},{\"@type\":\"Organization\",\"@id\":\"https:\/\/lcmouvstudio.com\/#organization\",\"name\":\"LC MOUV&#039;STUDIO\",\"url\":\"https:\/\/lcmouvstudio.com\/\",\"logo\":{\"@type\":\"ImageObject\",\"inLanguage\":\"fr-FR\",\"@id\":\"https:\/\/lcmouvstudio.com\/#\/schema\/logo\/image\/\",\"url\":\"https:\/\/lcmouvstudio.com\/wp-content\/uploads\/2025\/05\/cropped-cropped-cropped-WhatsApp-Image-2023-02-25-at-17.08.30-2.jpeg\",\"contentUrl\":\"https:\/\/lcmouvstudio.com\/wp-content\/uploads\/2025\/05\/cropped-cropped-cropped-WhatsApp-Image-2023-02-25-at-17.08.30-2.jpeg\",\"width\":1018,\"height\":1018,\"caption\":\"LC MOUV&#039;STUDIO\"},\"image\":{\"@id\":\"https:\/\/lcmouvstudio.com\/#\/schema\/logo\/image\/\"}}]}<\/script>\n<!-- \/ Yoast SEO plugin. -->","yoast_head_json":{"title":"CIRCUIT TRAINING \/ HIIT - LC MOUV&#039;STUDIO","robots":{"index":"index","follow":"follow","max-snippet":"max-snippet:-1","max-image-preview":"max-image-preview:large","max-video-preview":"max-video-preview:-1"},"canonical":"https:\/\/lcmouvstudio.com\/?page_id=468","og_locale":"fr_FR","og_type":"article","og_title":"CIRCUIT TRAINING \/ HIIT - LC MOUV&#039;STUDIO","og_description":"Le circuit training&nbsp;\/&nbsp;HIIT (High Intensity Interval Training) sont deux formes d&rsquo;entra\u00eenement fractionn\u00e9 qui [&hellip;]","og_url":"https:\/\/lcmouvstudio.com\/?page_id=468","og_site_name":"LC MOUV&#039;STUDIO","article_modified_time":"2025-05-02T14:56:05+00:00","og_image":[{"width":480,"height":343,"url":"https:\/\/lcmouvstudio.com\/wp-content\/uploads\/2025\/04\/circuit-cardio-hiit_480x480.webp","type":"image\/webp"}],"twitter_card":"summary_large_image","twitter_misc":{"Dur\u00e9e de lecture estim\u00e9e":"1 minute"},"schema":{"@context":"https:\/\/schema.org","@graph":[{"@type":"WebPage","@id":"https:\/\/lcmouvstudio.com\/?page_id=468","url":"https:\/\/lcmouvstudio.com\/?page_id=468","name":"CIRCUIT TRAINING \/ HIIT - LC MOUV&#039;STUDIO","isPartOf":{"@id":"https:\/\/lcmouvstudio.com\/#website"},"primaryImageOfPage":{"@id":"https:\/\/lcmouvstudio.com\/?page_id=468#primaryimage"},"image":{"@id":"https:\/\/lcmouvstudio.com\/?page_id=468#primaryimage"},"thumbnailUrl":"http:\/\/lcmouvstudio.com\/wp-content\/uploads\/2025\/04\/circuit-cardio-hiit_480x480.webp","datePublished":"2025-04-26T11:54:19+00:00","dateModified":"2025-05-02T14:56:05+00:00","breadcrumb":{"@id":"https:\/\/lcmouvstudio.com\/?page_id=468#breadcrumb"},"inLanguage":"fr-FR","potentialAction":[{"@type":"ReadAction","target":["https:\/\/lcmouvstudio.com\/?page_id=468"]}]},{"@type":"ImageObject","inLanguage":"fr-FR","@id":"https:\/\/lcmouvstudio.com\/?page_id=468#primaryimage","url":"https:\/\/lcmouvstudio.com\/wp-content\/uploads\/2025\/04\/circuit-cardio-hiit_480x480.webp","contentUrl":"https:\/\/lcmouvstudio.com\/wp-content\/uploads\/2025\/04\/circuit-cardio-hiit_480x480.webp","width":480,"height":343},{"@type":"BreadcrumbList","@id":"https:\/\/lcmouvstudio.com\/?page_id=468#breadcrumb","itemListElement":[{"@type":"ListItem","position":1,"name":"Accueil","item":"https:\/\/lcmouvstudio.com\/"},{"@type":"ListItem","position":2,"name":"CIRCUIT TRAINING \/ HIIT"}]},{"@type":"WebSite","@id":"https:\/\/lcmouvstudio.com\/#website","url":"https:\/\/lcmouvstudio.com\/","name":"LC MOUV&#039;STUDIO","description":"Un site utilisant WordPress","publisher":{"@id":"https:\/\/lcmouvstudio.com\/#organization"},"potentialAction":[{"@type":"SearchAction","target":{"@type":"EntryPoint","urlTemplate":"https:\/\/lcmouvstudio.com\/?s={search_term_string}"},"query-input":{"@type":"PropertyValueSpecification","valueRequired":true,"valueName":"search_term_string"}}],"inLanguage":"fr-FR"},{"@type":"Organization","@id":"https:\/\/lcmouvstudio.com\/#organization","name":"LC MOUV&#039;STUDIO","url":"https:\/\/lcmouvstudio.com\/","logo":{"@type":"ImageObject","inLanguage":"fr-FR","@id":"https:\/\/lcmouvstudio.com\/#\/schema\/logo\/image\/","url":"https:\/\/lcmouvstudio.com\/wp-content\/uploads\/2025\/05\/cropped-cropped-cropped-WhatsApp-Image-2023-02-25-at-17.08.30-2.jpeg","contentUrl":"https:\/\/lcmouvstudio.com\/wp-content\/uploads\/2025\/05\/cropped-cropped-cropped-WhatsApp-Image-2023-02-25-at-17.08.30-2.jpeg","width":1018,"height":1018,"caption":"LC MOUV&#039;STUDIO"},"image":{"@id":"https:\/\/lcmouvstudio.com\/#\/schema\/logo\/image\/"}}]}},"_links":{"self":[{"href":"https:\/\/lcmouvstudio.com\/index.php?rest_route=\/wp\/v2\/pages\/468","targetHints":{"allow":["GET"]}}],"collection":[{"href":"https:\/\/lcmouvstudio.com\/index.php?rest_route=\/wp\/v2\/pages"}],"about":[{"href":"https:\/\/lcmouvstudio.com\/index.php?rest_route=\/wp\/v2\/types\/page"}],"author":[{"embeddable":true,"href":"https:\/\/lcmouvstudio.com\/index.php?rest_route=\/wp\/v2\/users\/1"}],"replies":[{"embeddable":true,"href":"https:\/\/lcmouvstudio.com\/index.php?rest_route=%2Fwp%2Fv2%2Fcomments&post=468"}],"version-history":[{"count":2,"href":"https:\/\/lcmouvstudio.com\/index.php?rest_route=\/wp\/v2\/pages\/468\/revisions"}],"predecessor-version":[{"id":634,"href":"https:\/\/lcmouvstudio.com\/index.php?rest_route=\/wp\/v2\/pages\/468\/revisions\/634"}],"wp:attachment":[{"href":"https:\/\/lcmouvstudio.com\/index.php?rest_route=%2Fwp%2Fv2%2Fmedia&parent=468"}],"wp:term":[{"taxonomy":"category","embeddable":true,"href":"https:\/\/lcmouvstudio.com\/index.php?rest_route=%2Fwp%2Fv2%2Fcategories&post=468"},{"taxonomy":"post_tag","embeddable":true,"href":"https:\/\/lcmouvstudio.com\/index.php?rest_route=%2Fwp%2Fv2%2Ftags&post=468"}],"curies":[{"name":"wp","href":"https:\/\/api.w.org\/{rel}","templated":true}]}}